{"id":22,"date":"2024-12-05T03:31:29","date_gmt":"2024-12-05T03:31:29","guid":{"rendered":"https:\/\/dicahoje.com\/?page_id=22"},"modified":"2024-12-06T02:02:59","modified_gmt":"2024-12-06T02:02:59","slug":"quem-somos","status":"publish","type":"page","link":"https:\/\/dicahoje.com\/index.php\/quem-somos\/","title":{"rendered":"Quem Somos"},"content":{"rendered":"\n<p>Ol\u00e1, tudo bem? Eu sou o Matheus, criador do <strong>Dica de Hoje<\/strong>. Este blog \u00e9, acima de tudo, um espa\u00e7o onde compartilho aquilo que me inspira e me ajuda a superar os desafios do dia a dia.<\/p>\n\n\n\n<p>Acredito que pequenas mudan\u00e7as podem gerar grandes resultados, e \u00e9 exatamente isso que quero trazer aqui: dicas simples, aplicativos \u00fateis e ideias que podem facilitar sua rotina e, quem sabe, abrir novos caminhos para voc\u00ea.<\/p>\n\n\n\n<p>O <strong>Dica de Hoje<\/strong> nasceu com um prop\u00f3sito especial: ser uma fonte de motiva\u00e7\u00e3o e descobertas para quem, como eu, est\u00e1 sempre em busca de solu\u00e7\u00f5es para viver melhor e com mais leveza.<\/p>\n\n\n\n<p>Espero que voc\u00ea se sinta acolhido por aqui e encontre algo que fa\u00e7a sentido para a sua jornada. Afinal, cada dica \u00e9 um pequeno passo em dire\u00e7\u00e3o a algo maior.<\/p>\n\n\n\n<p>Bem-vindo(a) ao <strong>Dica de Hoje<\/strong>!<\/p>\n","protected":false},"excerpt":{"rendered":"<p>Ol\u00e1, tudo bem? Eu sou o Matheus, criador do Dica de Hoje. Este blog \u00e9, acima de tudo, um espa\u00e7o [&hellip;]<\/p>\n","protected":false},"author":1,"featured_media":0,"parent":0,"menu_order":0,"comment_status":"closed","ping_status":"closed","template":"","meta":{"site-sidebar-layout":"default","site-content-layout":"","ast-site-content-layout":"default","site-content-style":"default","site-sidebar-style":"default","ast-global-header-display":"","ast-banner-title-visibility":"","ast-main-header-display":"","ast-hfb-above-header-display":"","ast-hfb-below-header-display":"","ast-hfb-mobile-header-display":"","site-post-title":"","ast-breadcrumbs-content":"","ast-featured-img":"","footer-sml-layout":"","theme-transparent-header-meta":"","adv-header-id-meta":"","stick-header-meta":"","header-above-stick-meta":"","header-main-stick-meta":"","header-below-stick-meta":"","astra-migrate-meta-layouts":"default","ast-page-background-enabled":"default","ast-page-background-meta":{"desktop":{"background-color":"var(--ast-global-color-4)","background-image":"","background-repeat":"repeat","background-position":"center center","background-size":"auto","background-attachment":"scroll","background-type":"","background-media":"","overlay-type":"","overlay-color":"","overlay-opacity":"","overlay-gradient":""},"tablet":{"background-color":"","background-image":"","background-repeat":"repeat","background-position":"center center","background-size":"auto","background-attachment":"scroll","background-type":"","background-media":"","overlay-type":"","overlay-color":"","overlay-opacity":"","overlay-gradient":""},"mobile":{"background-color":"","background-image":"","background-repeat":"repeat","background-position":"center center","background-size":"auto","background-attachment":"scroll","background-type":"","background-media":"","overlay-type":"","overlay-color":"","overlay-opacity":"","overlay-gradient":""}},"ast-content-background-meta":{"desktop":{"background-color":"var(--ast-global-color-5)","background-image":"","background-repeat":"repeat","background-position":"center center","background-size":"auto","background-attachment":"scroll","background-type":"","background-media":"","overlay-type":"","overlay-color":"","overlay-opacity":"","overlay-gradient":""},"tablet":{"background-color":"var(--ast-global-color-5)","background-image":"","background-repeat":"repeat","background-position":"center center","background-size":"auto","background-attachment":"scroll","background-type":"","background-media":"","overlay-type":"","overlay-color":"","overlay-opacity":"","overlay-gradient":""},"mobile":{"background-color":"var(--ast-global-color-5)","background-image":"","background-repeat":"repeat","background-position":"center center","background-size":"auto","background-attachment":"scroll","background-type":"","background-media":"","overlay-type":"","overlay-color":"","overlay-opacity":"","overlay-gradient":""}},"footnotes":""},"class_list":["post-22","page","type-page","status-publish","hentry"],"yoast_head":"<!-- This site is optimized with the Yoast SEO plugin v27.0 - https:\/\/yoast.com\/product\/yoast-seo-wordpress\/ -->\n<title>Quem Somos - Dica de Hoje<\/title>\n<meta name=\"robots\" content=\"index, follow, max-snippet:-1, max-image-preview:large, max-video-preview:-1\" \/>\n<link rel=\"canonical\" href=\"https:\/\/dicahoje.com\/index.php\/quem-somos\/\" \/>\n<meta property=\"og:locale\" content=\"pt_BR\" \/>\n<meta property=\"og:type\" content=\"article\" \/>\n<meta property=\"og:title\" content=\"Quem Somos - Dica de Hoje\" \/>\n<meta property=\"og:description\" content=\"Ol\u00e1, tudo bem? Eu sou o Matheus, criador do Dica de Hoje. Este blog \u00e9, acima de tudo, um espa\u00e7o [&hellip;]\" \/>\n<meta property=\"og:url\" content=\"https:\/\/dicahoje.com\/index.php\/quem-somos\/\" \/>\n<meta property=\"og:site_name\" content=\"Dica de Hoje\" \/>\n<meta property=\"article:modified_time\" content=\"2024-12-06T02:02:59+00:00\" \/>\n<meta name=\"twitter:card\" content=\"summary_large_image\" \/>\n<meta name=\"twitter:label1\" content=\"Est. tempo de leitura\" \/>\n\t<meta name=\"twitter:data1\" content=\"1 minuto\" \/>\n<script type=\"application\/ld+json\" class=\"yoast-schema-graph\">{\"@context\":\"https:\/\/schema.org\",\"@graph\":[{\"@type\":\"WebPage\",\"@id\":\"https:\/\/dicahoje.com\/index.php\/quem-somos\/\",\"url\":\"https:\/\/dicahoje.com\/index.php\/quem-somos\/\",\"name\":\"Quem Somos - Dica de Hoje\",\"isPartOf\":{\"@id\":\"https:\/\/dicahoje.com\/#website\"},\"datePublished\":\"2024-12-05T03:31:29+00:00\",\"dateModified\":\"2024-12-06T02:02:59+00:00\",\"breadcrumb\":{\"@id\":\"https:\/\/dicahoje.com\/index.php\/quem-somos\/#breadcrumb\"},\"inLanguage\":\"pt-BR\",\"potentialAction\":[{\"@type\":\"ReadAction\",\"target\":[\"https:\/\/dicahoje.com\/index.php\/quem-somos\/\"]}]},{\"@type\":\"BreadcrumbList\",\"@id\":\"https:\/\/dicahoje.com\/index.php\/quem-somos\/#breadcrumb\",\"itemListElement\":[{\"@type\":\"ListItem\",\"position\":1,\"name\":\"In\u00edcio\",\"item\":\"https:\/\/dicahoje.com\/\"},{\"@type\":\"ListItem\",\"position\":2,\"name\":\"Quem Somos\"}]},{\"@type\":\"WebSite\",\"@id\":\"https:\/\/dicahoje.com\/#website\",\"url\":\"https:\/\/dicahoje.com\/\",\"name\":\"Dica de Hoje\",\"description\":\"Sua Dica de Hoje est\u00e1 aqui!\",\"publisher\":{\"@id\":\"https:\/\/dicahoje.com\/#organization\"},\"potentialAction\":[{\"@type\":\"SearchAction\",\"target\":{\"@type\":\"EntryPoint\",\"urlTemplate\":\"https:\/\/dicahoje.com\/?s={search_term_string}\"},\"query-input\":{\"@type\":\"PropertyValueSpecification\",\"valueRequired\":true,\"valueName\":\"search_term_string\"}}],\"inLanguage\":\"pt-BR\"},{\"@type\":\"Organization\",\"@id\":\"https:\/\/dicahoje.com\/#organization\",\"name\":\"Dica de Hoje\",\"url\":\"https:\/\/dicahoje.com\/\",\"logo\":{\"@type\":\"ImageObject\",\"inLanguage\":\"pt-BR\",\"@id\":\"https:\/\/dicahoje.com\/#\/schema\/logo\/image\/\",\"url\":\"https:\/\/dicahoje.com\/wp-content\/uploads\/2024\/12\/cropped-DICA-DE.png\",\"contentUrl\":\"https:\/\/dicahoje.com\/wp-content\/uploads\/2024\/12\/cropped-DICA-DE.png\",\"width\":\"1010\",\"height\":\"322\",\"caption\":\"Dica de Hoje\"},\"image\":{\"@id\":\"https:\/\/dicahoje.com\/#\/schema\/logo\/image\/\"}}]}<\/script>\n<!-- \/ Yoast SEO plugin. -->","yoast_head_json":{"title":"Quem Somos - Dica de Hoje","robots":{"index":"index","follow":"follow","max-snippet":"max-snippet:-1","max-image-preview":"max-image-preview:large","max-video-preview":"max-video-preview:-1"},"canonical":"https:\/\/dicahoje.com\/index.php\/quem-somos\/","og_locale":"pt_BR","og_type":"article","og_title":"Quem Somos - Dica de Hoje","og_description":"Ol\u00e1, tudo bem? Eu sou o Matheus, criador do Dica de Hoje. Este blog \u00e9, acima de tudo, um espa\u00e7o [&hellip;]","og_url":"https:\/\/dicahoje.com\/index.php\/quem-somos\/","og_site_name":"Dica de Hoje","article_modified_time":"2024-12-06T02:02:59+00:00","twitter_card":"summary_large_image","twitter_misc":{"Est. tempo de leitura":"1 minuto"},"schema":{"@context":"https:\/\/schema.org","@graph":[{"@type":"WebPage","@id":"https:\/\/dicahoje.com\/index.php\/quem-somos\/","url":"https:\/\/dicahoje.com\/index.php\/quem-somos\/","name":"Quem Somos - Dica de Hoje","isPartOf":{"@id":"https:\/\/dicahoje.com\/#website"},"datePublished":"2024-12-05T03:31:29+00:00","dateModified":"2024-12-06T02:02:59+00:00","breadcrumb":{"@id":"https:\/\/dicahoje.com\/index.php\/quem-somos\/#breadcrumb"},"inLanguage":"pt-BR","potentialAction":[{"@type":"ReadAction","target":["https:\/\/dicahoje.com\/index.php\/quem-somos\/"]}]},{"@type":"BreadcrumbList","@id":"https:\/\/dicahoje.com\/index.php\/quem-somos\/#breadcrumb","itemListElement":[{"@type":"ListItem","position":1,"name":"In\u00edcio","item":"https:\/\/dicahoje.com\/"},{"@type":"ListItem","position":2,"name":"Quem Somos"}]},{"@type":"WebSite","@id":"https:\/\/dicahoje.com\/#website","url":"https:\/\/dicahoje.com\/","name":"Dica de Hoje","description":"Sua Dica de Hoje est\u00e1 aqui!","publisher":{"@id":"https:\/\/dicahoje.com\/#organization"},"potentialAction":[{"@type":"SearchAction","target":{"@type":"EntryPoint","urlTemplate":"https:\/\/dicahoje.com\/?s={search_term_string}"},"query-input":{"@type":"PropertyValueSpecification","valueRequired":true,"valueName":"search_term_string"}}],"inLanguage":"pt-BR"},{"@type":"Organization","@id":"https:\/\/dicahoje.com\/#organization","name":"Dica de Hoje","url":"https:\/\/dicahoje.com\/","logo":{"@type":"ImageObject","inLanguage":"pt-BR","@id":"https:\/\/dicahoje.com\/#\/schema\/logo\/image\/","url":"https:\/\/dicahoje.com\/wp-content\/uploads\/2024\/12\/cropped-DICA-DE.png","contentUrl":"https:\/\/dicahoje.com\/wp-content\/uploads\/2024\/12\/cropped-DICA-DE.png","width":"1010","height":"322","caption":"Dica de Hoje"},"image":{"@id":"https:\/\/dicahoje.com\/#\/schema\/logo\/image\/"}}]}},"_links":{"self":[{"href":"https:\/\/dicahoje.com\/index.php\/wp-json\/wp\/v2\/pages\/22","targetHints":{"allow":["GET"]}}],"collection":[{"href":"https:\/\/dicahoje.com\/index.php\/wp-json\/wp\/v2\/pages"}],"about":[{"href":"https:\/\/dicahoje.com\/index.php\/wp-json\/wp\/v2\/types\/page"}],"author":[{"embeddable":true,"href":"https:\/\/dicahoje.com\/index.php\/wp-json\/wp\/v2\/users\/1"}],"replies":[{"embeddable":true,"href":"https:\/\/dicahoje.com\/index.php\/wp-json\/wp\/v2\/comments?post=22"}],"version-history":[{"count":2,"href":"https:\/\/dicahoje.com\/index.php\/wp-json\/wp\/v2\/pages\/22\/revisions"}],"predecessor-version":[{"id":30,"href":"https:\/\/dicahoje.com\/index.php\/wp-json\/wp\/v2\/pages\/22\/revisions\/30"}],"wp:attachment":[{"href":"https:\/\/dicahoje.com\/index.php\/wp-json\/wp\/v2\/media?parent=22"}],"curies":[{"name":"wp","href":"https:\/\/api.w.org\/{rel}","templated":true}]}}