{"id":13,"date":"2024-12-05T03:30:27","date_gmt":"2024-12-05T03:30:27","guid":{"rendered":"https:\/\/dicahoje.com\/?page_id=13"},"modified":"2024-12-06T02:15:11","modified_gmt":"2024-12-06T02:15:11","slug":"politica-de-comentarios","status":"publish","type":"page","link":"https:\/\/dicahoje.com\/index.php\/politica-de-comentarios\/","title":{"rendered":"Pol\u00edtica de Coment\u00e1rios"},"content":{"rendered":"\n<p>No <strong>Dica de Hoje<\/strong>, acreditamos que os coment\u00e1rios s\u00e3o uma parte importante da troca de ideias e do aprendizado m\u00fatuo. Para manter um espa\u00e7o acolhedor e respeitoso para todos, pedimos que voc\u00ea siga as diretrizes abaixo ao interagir no blog:<\/p>\n\n\n\n<h4 class=\"wp-block-heading\"><strong>Respeito acima de tudo<\/strong><\/h4>\n\n\n\n<p>Opini\u00f5es diferentes s\u00e3o bem-vindas, desde que sejam expressadas com respeito. N\u00e3o ser\u00e3o tolerados coment\u00e1rios ofensivos, preconceituosos ou que incitem \u00f3dio, viol\u00eancia ou discrimina\u00e7\u00e3o.<\/p>\n\n\n\n<h4 class=\"wp-block-heading\"><strong>Mantenha o foco no assunto<\/strong><\/h4>\n\n\n\n<p>Os coment\u00e1rios devem estar relacionados ao tema do post. Mensagens fora de contexto, spam ou autopromo\u00e7\u00e3o sem relev\u00e2ncia ser\u00e3o removidos.<\/p>\n\n\n\n<h4 class=\"wp-block-heading\"><strong>Sem linguagem inapropriada<\/strong><\/h4>\n\n\n\n<p>Evite palavr\u00f5es, termos ofensivos ou qualquer tipo de conte\u00fado que possa ser considerado inadequado para a nossa comunidade.<\/p>\n\n\n\n<h4 class=\"wp-block-heading\"><strong>Contribua de forma positiva<\/strong><\/h4>\n\n\n\n<p>Coment\u00e1rios que agregam valor, compartilham experi\u00eancias ou sugerem melhorias s\u00e3o sempre bem-vindos. Nosso objetivo \u00e9 construir uma comunidade que aprende e cresce junta.<\/p>\n\n\n\n<h4 class=\"wp-block-heading\"><strong>Modera\u00e7\u00e3o de coment\u00e1rios<\/strong><\/h4>\n\n\n\n<p>Todos os coment\u00e1rios passam por modera\u00e7\u00e3o. Reservamo-nos o direito de editar ou excluir qualquer mensagem que viole estas diretrizes, sem aviso pr\u00e9vio.<\/p>\n\n\n\n<h4 class=\"wp-block-heading\"><strong>Responsabilidade dos usu\u00e1rios<\/strong><\/h4>\n\n\n\n<p>Cada usu\u00e1rio \u00e9 respons\u00e1vel pelo que escreve. Coment\u00e1rios expressam a opini\u00e3o do autor e n\u00e3o refletem necessariamente a vis\u00e3o do <strong>Dica de Hoje<\/strong>.<\/p>\n\n\n\n<h4 class=\"wp-block-heading\"><strong>D\u00favidas e sugest\u00f5es<\/strong><\/h4>\n\n\n\n<p>Caso tenha alguma d\u00favida sobre a nossa pol\u00edtica ou queira dar uma sugest\u00e3o, entre em contato conosco por meio da p\u00e1gina de <a href=\"https:\/\/dicahoje.com\/index.php\/contato\/\" data-type=\"page\" data-id=\"9\">contato<\/a>.<\/p>\n\n\n\n<p>Agradecemos por contribuir para um espa\u00e7o saud\u00e1vel e enriquecedor no <strong>Dica de Hoje<\/strong>. Sua participa\u00e7\u00e3o \u00e9 muito importante para n\u00f3s!<\/p>\n","protected":false},"excerpt":{"rendered":"<p>No Dica de Hoje, acreditamos que os coment\u00e1rios s\u00e3o uma parte importante da troca de ideias e do aprendizado m\u00fatuo. [&hellip;]<\/p>\n","protected":false},"author":1,"featured_media":0,"parent":0,"menu_order":0,"comment_status":"closed","ping_status":"closed","template":"","meta":{"site-sidebar-layout":"default","site-content-layout":"","ast-site-content-layout":"default","site-content-style":"default","site-sidebar-style":"default","ast-global-header-display":"","ast-banner-title-visibility":"","ast-main-header-display":"","ast-hfb-above-header-display":"","ast-hfb-below-header-display":"","ast-hfb-mobile-header-display":"","site-post-title":"","ast-breadcrumbs-content":"","ast-featured-img":"","footer-sml-layout":"","theme-transparent-header-meta":"","adv-header-id-meta":"","stick-header-meta":"","header-above-stick-meta":"","header-main-stick-meta":"","header-below-stick-meta":"","astra-migrate-meta-layouts":"default","ast-page-background-enabled":"default","ast-page-background-meta":{"desktop":{"background-color":"var(--ast-global-color-4)","background-image":"","background-repeat":"repeat","background-position":"center center","background-size":"auto","background-attachment":"scroll","background-type":"","background-media":"","overlay-type":"","overlay-color":"","overlay-opacity":"","overlay-gradient":""},"tablet":{"background-color":"","background-image":"","background-repeat":"repeat","background-position":"center center","background-size":"auto","background-attachment":"scroll","background-type":"","background-media":"","overlay-type":"","overlay-color":"","overlay-opacity":"","overlay-gradient":""},"mobile":{"background-color":"","background-image":"","background-repeat":"repeat","background-position":"center center","background-size":"auto","background-attachment":"scroll","background-type":"","background-media":"","overlay-type":"","overlay-color":"","overlay-opacity":"","overlay-gradient":""}},"ast-content-background-meta":{"desktop":{"background-color":"var(--ast-global-color-5)","background-image":"","background-repeat":"repeat","background-position":"center center","background-size":"auto","background-attachment":"scroll","background-type":"","background-media":"","overlay-type":"","overlay-color":"","overlay-opacity":"","overlay-gradient":""},"tablet":{"background-color":"var(--ast-global-color-5)","background-image":"","background-repeat":"repeat","background-position":"center center","background-size":"auto","background-attachment":"scroll","background-type":"","background-media":"","overlay-type":"","overlay-color":"","overlay-opacity":"","overlay-gradient":""},"mobile":{"background-color":"var(--ast-global-color-5)","background-image":"","background-repeat":"repeat","background-position":"center center","background-size":"auto","background-attachment":"scroll","background-type":"","background-media":"","overlay-type":"","overlay-color":"","overlay-opacity":"","overlay-gradient":""}},"footnotes":""},"class_list":["post-13","page","type-page","status-publish","hentry"],"yoast_head":"<!-- This site is optimized with the Yoast SEO plugin v27.0 - https:\/\/yoast.com\/product\/yoast-seo-wordpress\/ -->\n<title>Pol\u00edtica de Coment\u00e1rios - Dica de Hoje<\/title>\n<meta name=\"robots\" content=\"index, follow, max-snippet:-1, max-image-preview:large, max-video-preview:-1\" \/>\n<link rel=\"canonical\" href=\"https:\/\/dicahoje.com\/index.php\/politica-de-comentarios\/\" \/>\n<meta property=\"og:locale\" content=\"pt_BR\" \/>\n<meta property=\"og:type\" content=\"article\" \/>\n<meta property=\"og:title\" content=\"Pol\u00edtica de Coment\u00e1rios - Dica de Hoje\" \/>\n<meta property=\"og:description\" content=\"No Dica de Hoje, acreditamos que os coment\u00e1rios s\u00e3o uma parte importante da troca de ideias e do aprendizado m\u00fatuo. [&hellip;]\" \/>\n<meta property=\"og:url\" content=\"https:\/\/dicahoje.com\/index.php\/politica-de-comentarios\/\" \/>\n<meta property=\"og:site_name\" content=\"Dica de Hoje\" \/>\n<meta property=\"article:modified_time\" content=\"2024-12-06T02:15:11+00:00\" \/>\n<meta name=\"twitter:card\" content=\"summary_large_image\" \/>\n<meta name=\"twitter:label1\" content=\"Est. tempo de leitura\" \/>\n\t<meta name=\"twitter:data1\" content=\"1 minuto\" \/>\n<script type=\"application\/ld+json\" class=\"yoast-schema-graph\">{\"@context\":\"https:\/\/schema.org\",\"@graph\":[{\"@type\":\"WebPage\",\"@id\":\"https:\/\/dicahoje.com\/index.php\/politica-de-comentarios\/\",\"url\":\"https:\/\/dicahoje.com\/index.php\/politica-de-comentarios\/\",\"name\":\"Pol\u00edtica de Coment\u00e1rios - Dica de Hoje\",\"isPartOf\":{\"@id\":\"https:\/\/dicahoje.com\/#website\"},\"datePublished\":\"2024-12-05T03:30:27+00:00\",\"dateModified\":\"2024-12-06T02:15:11+00:00\",\"breadcrumb\":{\"@id\":\"https:\/\/dicahoje.com\/index.php\/politica-de-comentarios\/#breadcrumb\"},\"inLanguage\":\"pt-BR\",\"potentialAction\":[{\"@type\":\"ReadAction\",\"target\":[\"https:\/\/dicahoje.com\/index.php\/politica-de-comentarios\/\"]}]},{\"@type\":\"BreadcrumbList\",\"@id\":\"https:\/\/dicahoje.com\/index.php\/politica-de-comentarios\/#breadcrumb\",\"itemListElement\":[{\"@type\":\"ListItem\",\"position\":1,\"name\":\"In\u00edcio\",\"item\":\"https:\/\/dicahoje.com\/\"},{\"@type\":\"ListItem\",\"position\":2,\"name\":\"Pol\u00edtica de Coment\u00e1rios\"}]},{\"@type\":\"WebSite\",\"@id\":\"https:\/\/dicahoje.com\/#website\",\"url\":\"https:\/\/dicahoje.com\/\",\"name\":\"Dica de Hoje\",\"description\":\"Sua Dica de Hoje est\u00e1 aqui!\",\"publisher\":{\"@id\":\"https:\/\/dicahoje.com\/#organization\"},\"potentialAction\":[{\"@type\":\"SearchAction\",\"target\":{\"@type\":\"EntryPoint\",\"urlTemplate\":\"https:\/\/dicahoje.com\/?s={search_term_string}\"},\"query-input\":{\"@type\":\"PropertyValueSpecification\",\"valueRequired\":true,\"valueName\":\"search_term_string\"}}],\"inLanguage\":\"pt-BR\"},{\"@type\":\"Organization\",\"@id\":\"https:\/\/dicahoje.com\/#organization\",\"name\":\"Dica de Hoje\",\"url\":\"https:\/\/dicahoje.com\/\",\"logo\":{\"@type\":\"ImageObject\",\"inLanguage\":\"pt-BR\",\"@id\":\"https:\/\/dicahoje.com\/#\/schema\/logo\/image\/\",\"url\":\"https:\/\/dicahoje.com\/wp-content\/uploads\/2024\/12\/cropped-DICA-DE.png\",\"contentUrl\":\"https:\/\/dicahoje.com\/wp-content\/uploads\/2024\/12\/cropped-DICA-DE.png\",\"width\":\"1010\",\"height\":\"322\",\"caption\":\"Dica de Hoje\"},\"image\":{\"@id\":\"https:\/\/dicahoje.com\/#\/schema\/logo\/image\/\"}}]}<\/script>\n<!-- \/ Yoast SEO plugin. -->","yoast_head_json":{"title":"Pol\u00edtica de Coment\u00e1rios - Dica de Hoje","robots":{"index":"index","follow":"follow","max-snippet":"max-snippet:-1","max-image-preview":"max-image-preview:large","max-video-preview":"max-video-preview:-1"},"canonical":"https:\/\/dicahoje.com\/index.php\/politica-de-comentarios\/","og_locale":"pt_BR","og_type":"article","og_title":"Pol\u00edtica de Coment\u00e1rios - Dica de Hoje","og_description":"No Dica de Hoje, acreditamos que os coment\u00e1rios s\u00e3o uma parte importante da troca de ideias e do aprendizado m\u00fatuo. [&hellip;]","og_url":"https:\/\/dicahoje.com\/index.php\/politica-de-comentarios\/","og_site_name":"Dica de Hoje","article_modified_time":"2024-12-06T02:15:11+00:00","twitter_card":"summary_large_image","twitter_misc":{"Est. tempo de leitura":"1 minuto"},"schema":{"@context":"https:\/\/schema.org","@graph":[{"@type":"WebPage","@id":"https:\/\/dicahoje.com\/index.php\/politica-de-comentarios\/","url":"https:\/\/dicahoje.com\/index.php\/politica-de-comentarios\/","name":"Pol\u00edtica de Coment\u00e1rios - Dica de Hoje","isPartOf":{"@id":"https:\/\/dicahoje.com\/#website"},"datePublished":"2024-12-05T03:30:27+00:00","dateModified":"2024-12-06T02:15:11+00:00","breadcrumb":{"@id":"https:\/\/dicahoje.com\/index.php\/politica-de-comentarios\/#breadcrumb"},"inLanguage":"pt-BR","potentialAction":[{"@type":"ReadAction","target":["https:\/\/dicahoje.com\/index.php\/politica-de-comentarios\/"]}]},{"@type":"BreadcrumbList","@id":"https:\/\/dicahoje.com\/index.php\/politica-de-comentarios\/#breadcrumb","itemListElement":[{"@type":"ListItem","position":1,"name":"In\u00edcio","item":"https:\/\/dicahoje.com\/"},{"@type":"ListItem","position":2,"name":"Pol\u00edtica de Coment\u00e1rios"}]},{"@type":"WebSite","@id":"https:\/\/dicahoje.com\/#website","url":"https:\/\/dicahoje.com\/","name":"Dica de Hoje","description":"Sua Dica de Hoje est\u00e1 aqui!","publisher":{"@id":"https:\/\/dicahoje.com\/#organization"},"potentialAction":[{"@type":"SearchAction","target":{"@type":"EntryPoint","urlTemplate":"https:\/\/dicahoje.com\/?s={search_term_string}"},"query-input":{"@type":"PropertyValueSpecification","valueRequired":true,"valueName":"search_term_string"}}],"inLanguage":"pt-BR"},{"@type":"Organization","@id":"https:\/\/dicahoje.com\/#organization","name":"Dica de Hoje","url":"https:\/\/dicahoje.com\/","logo":{"@type":"ImageObject","inLanguage":"pt-BR","@id":"https:\/\/dicahoje.com\/#\/schema\/logo\/image\/","url":"https:\/\/dicahoje.com\/wp-content\/uploads\/2024\/12\/cropped-DICA-DE.png","contentUrl":"https:\/\/dicahoje.com\/wp-content\/uploads\/2024\/12\/cropped-DICA-DE.png","width":"1010","height":"322","caption":"Dica de Hoje"},"image":{"@id":"https:\/\/dicahoje.com\/#\/schema\/logo\/image\/"}}]}},"_links":{"self":[{"href":"https:\/\/dicahoje.com\/index.php\/wp-json\/wp\/v2\/pages\/13","targetHints":{"allow":["GET"]}}],"collection":[{"href":"https:\/\/dicahoje.com\/index.php\/wp-json\/wp\/v2\/pages"}],"about":[{"href":"https:\/\/dicahoje.com\/index.php\/wp-json\/wp\/v2\/types\/page"}],"author":[{"embeddable":true,"href":"https:\/\/dicahoje.com\/index.php\/wp-json\/wp\/v2\/users\/1"}],"replies":[{"embeddable":true,"href":"https:\/\/dicahoje.com\/index.php\/wp-json\/wp\/v2\/comments?post=13"}],"version-history":[{"count":3,"href":"https:\/\/dicahoje.com\/index.php\/wp-json\/wp\/v2\/pages\/13\/revisions"}],"predecessor-version":[{"id":35,"href":"https:\/\/dicahoje.com\/index.php\/wp-json\/wp\/v2\/pages\/13\/revisions\/35"}],"wp:attachment":[{"href":"https:\/\/dicahoje.com\/index.php\/wp-json\/wp\/v2\/media?parent=13"}],"curies":[{"name":"wp","href":"https:\/\/api.w.org\/{rel}","templated":true}]}}